{"id":3406,"date":"2024-11-28T10:10:43","date_gmt":"2024-11-28T09:10:43","guid":{"rendered":"https:\/\/www.hotels-centre-nantes.fr\/?page_id=3406"},"modified":"2026-02-18T09:15:33","modified_gmt":"2026-02-18T08:15:33","slug":"dukes-bar","status":"publish","type":"page","link":"https:\/\/www.hdc-nantes.com\/es\/dukes-bar\/","title":{"rendered":"Duke&rsquo;s Bar"},"content":{"rendered":"<div data-elementor-type=\"wp-page\" data-elementor-id=\"3406\" class=\"elementor elementor-3406\" data-elementor-post-type=\"page\">\n\t\t\t\t<div class=\"elementor-element elementor-element-e1ebcf1 e-flex e-con-boxed e-con e-parent\" data-id=\"e1ebcf1\" data-element_type=\"container\" data-e-type=\"container\" data-settings=\"{&quot;background_background&quot;:&quot;classic&quot;}\">\n\t\t\t\t\t<div class=\"e-con-inner\">\n\t\t<div class=\"elementor-element elementor-element-54dafb3 e-flex e-con-boxed e-con e-child\" data-id=\"54dafb3\" data-element_type=\"container\" data-e-type=\"container\">\n\t\t\t\t\t<div class=\"e-con-inner\">\n\t\t\t\t<div class=\"elementor-element elementor-element-bb3f461 anolisa-hotel-logo  logo-hdc elementor-widget elementor-widget-image\" data-id=\"bb3f461\" data-element_type=\"widget\" data-e-type=\"widget\" data-widget_type=\"image.default\">\n\t\t\t\t<div class=\"elementor-widget-container\">\n\t\t\t\t\t\t\t\t\t\t\t\t\t\t\t<img decoding=\"async\" width=\"226\" height=\"221\" src=\"https:\/\/www.hdc-nantes.com\/wp-content\/uploads\/2024\/01\/logo-HDC.png\" class=\"attachment-large size-large wp-image-711\" alt=\"Logo de l&#039;H\u00f4tel de la Cit\u00e9 \u00e0 Nantes.\" srcset=\"https:\/\/www.hdc-nantes.com\/wp-content\/uploads\/2024\/01\/logo-HDC.png 226w, https:\/\/www.hdc-nantes.com\/wp-content\/uploads\/2024\/01\/logo-HDC-12x12.png 12w\" sizes=\"(max-width: 226px) 100vw, 226px\" \/>\t\t\t\t\t\t\t\t\t\t\t\t\t\t\t<\/div>\n\t\t\t\t<\/div>\n\t\t\t\t\t<\/div>\n\t\t\t\t<\/div>\n\t\t\t\t\t<\/div>\n\t\t\t\t<\/div>\n\t\t<div class=\"elementor-element elementor-element-b61ef0e e-flex e-con-boxed e-con e-parent\" data-id=\"b61ef0e\" data-element_type=\"container\" data-e-type=\"container\">\n\t\t\t\t\t<div class=\"e-con-inner\">\n\t\t<div class=\"elementor-element elementor-element-aa2a2e4 e-con-full e-flex e-con e-child\" data-id=\"aa2a2e4\" data-element_type=\"container\" data-e-type=\"container\">\n\t\t\t\t<div class=\"elementor-element elementor-element-7d5fd2c elementor-widget__width-initial elementor-widget elementor-widget-heading\" data-id=\"7d5fd2c\" data-element_type=\"widget\" data-e-type=\"widget\" data-widget_type=\"heading.default\">\n\t\t\t\t<div class=\"elementor-widget-container\">\n\t\t\t\t\t<h1 class=\"elementor-heading-title elementor-size-default\">Duke's Bar<\/h1>\t\t\t\t<\/div>\n\t\t\t\t<\/div>\n\t\t\t\t<div class=\"elementor-element elementor-element-e6727df elementor-widget elementor-widget-text-editor\" data-id=\"e6727df\" data-element_type=\"widget\" data-e-type=\"widget\" data-widget_type=\"text-editor.default\">\n\t\t\t\t<div class=\"elementor-widget-container\">\n\t\t\t\t\t\t\t\t\t<p>Le Duke\u2019s Bar vous ouvre ses portes tous les jours, que vous s\u00e9journiez \u00e0 l\u2019h\u00f4tel ou non. Profitez d\u2019un cadre chaleureux pour une pause d\u00e9tente et des instants conviviaux entre coll\u00e8gues !<\/p>\t\t\t\t\t\t\t\t<\/div>\n\t\t\t\t<\/div>\n\t\t\t\t<\/div>\n\t\t\t\t\t<\/div>\n\t\t\t\t<\/div>\n\t\t<div class=\"elementor-element elementor-element-e37761b e-con-full e-flex e-con e-parent\" data-id=\"e37761b\" data-element_type=\"container\" data-e-type=\"container\">\n\t\t\t\t<div class=\"elementor-element elementor-element-65c85b8 elementor-hidden-mobile elementor-widget elementor-widget-image\" data-id=\"65c85b8\" data-element_type=\"widget\" data-e-type=\"widget\" data-widget_type=\"image.default\">\n\t\t\t\t<div class=\"elementor-widget-container\">\n\t\t\t\t\t\t\t\t\t\t\t\t\t\t\t<img decoding=\"async\" width=\"984\" height=\"16\" src=\"https:\/\/www.hdc-nantes.com\/wp-content\/uploads\/2024\/01\/vague_long.png\" class=\"attachment-full size-full wp-image-144\" alt=\"Pictogramme d&#039;une vague.\" srcset=\"https:\/\/www.hdc-nantes.com\/wp-content\/uploads\/2024\/01\/vague_long.png 984w, https:\/\/www.hdc-nantes.com\/wp-content\/uploads\/2024\/01\/vague_long-300x5.png 300w, https:\/\/www.hdc-nantes.com\/wp-content\/uploads\/2024\/01\/vague_long-768x12.png 768w\" sizes=\"(max-width: 984px) 100vw, 984px\" \/>\t\t\t\t\t\t\t\t\t\t\t\t\t\t\t<\/div>\n\t\t\t\t<\/div>\n\t\t\t\t<div class=\"elementor-element elementor-element-dc9e42b elementor-hidden-desktop elementor-hidden-tablet elementor-widget elementor-widget-image\" data-id=\"dc9e42b\" data-element_type=\"widget\" data-e-type=\"widget\" data-widget_type=\"image.default\">\n\t\t\t\t<div class=\"elementor-widget-container\">\n\t\t\t\t\t\t\t\t\t\t\t\t\t\t\t<img decoding=\"async\" width=\"463\" height=\"16\" src=\"https:\/\/www.hdc-nantes.com\/wp-content\/uploads\/2024\/01\/vague_court.png\" class=\"attachment-full size-full wp-image-99\" alt=\"Pictogramme d&#039;une vague.\" srcset=\"https:\/\/www.hdc-nantes.com\/wp-content\/uploads\/2024\/01\/vague_court.png 463w, https:\/\/www.hdc-nantes.com\/wp-content\/uploads\/2024\/01\/vague_court-300x10.png 300w\" sizes=\"(max-width: 463px) 100vw, 463px\" \/>\t\t\t\t\t\t\t\t\t\t\t\t\t\t\t<\/div>\n\t\t\t\t<\/div>\n\t\t\t\t<\/div>\n\t\t<div class=\"elementor-element elementor-element-310cec2 e-flex e-con-boxed e-con e-parent\" data-id=\"310cec2\" data-element_type=\"container\" data-e-type=\"container\" data-settings=\"{&quot;background_background&quot;:&quot;classic&quot;}\">\n\t\t\t\t\t<div class=\"e-con-inner\">\n\t\t<div class=\"elementor-element elementor-element-629848c e-con-full e-flex e-con e-child\" data-id=\"629848c\" data-element_type=\"container\" data-e-type=\"container\" data-settings=\"{&quot;background_background&quot;:&quot;classic&quot;}\">\n\t\t\t\t<div class=\"elementor-element elementor-element-41dc274 elementor-widget elementor-widget-image\" data-id=\"41dc274\" data-element_type=\"widget\" data-e-type=\"widget\" data-widget_type=\"image.default\">\n\t\t\t\t<div class=\"elementor-widget-container\">\n\t\t\t\t\t\t\t\t\t\t\t\t\t\t\t<img loading=\"lazy\" decoding=\"async\" width=\"512\" height=\"768\" src=\"https:\/\/www.hdc-nantes.com\/wp-content\/uploads\/2025\/03\/dukes-bar-hotel-cite-david-gallard.jpg\" class=\"attachment-full size-full wp-image-3531\" alt=\"Un verre de vin rouge est pos\u00e9 sur le bar au Duke&#039;s Bar de l&#039;h\u00f4tel de la cit\u00e9.\" srcset=\"https:\/\/www.hdc-nantes.com\/wp-content\/uploads\/2025\/03\/dukes-bar-hotel-cite-david-gallard.jpg 512w, https:\/\/www.hdc-nantes.com\/wp-content\/uploads\/2025\/03\/dukes-bar-hotel-cite-david-gallard-200x300.jpg 200w, https:\/\/www.hdc-nantes.com\/wp-content\/uploads\/2025\/03\/dukes-bar-hotel-cite-david-gallard-8x12.jpg 8w\" sizes=\"(max-width: 512px) 100vw, 512px\" \/>\t\t\t\t\t\t\t\t\t\t\t\t\t\t\t<\/div>\n\t\t\t\t<\/div>\n\t\t\t\t<\/div>\n\t\t<div class=\"elementor-element elementor-element-7754744 e-con-full e-flex e-con e-child\" data-id=\"7754744\" data-element_type=\"container\" data-e-type=\"container\">\n\t\t\t\t<div class=\"elementor-element elementor-element-2850f81 elementor-widget elementor-widget-heading\" data-id=\"2850f81\" data-element_type=\"widget\" data-e-type=\"widget\" data-widget_type=\"heading.default\">\n\t\t\t\t<div class=\"elementor-widget-container\">\n\t\t\t\t\t<h2 class=\"elementor-heading-title elementor-size-default\">Votre pause gourmande : Ap\u00e9ro, Snack &amp; Pizza<\/h2>\t\t\t\t<\/div>\n\t\t\t\t<\/div>\n\t\t\t\t<div class=\"elementor-element elementor-element-76594bd elementor-widget elementor-widget-text-editor\" data-id=\"76594bd\" data-element_type=\"widget\" data-e-type=\"widget\" data-widget_type=\"text-editor.default\">\n\t\t\t\t<div class=\"elementor-widget-container\">\n\t\t\t\t\t\t\t\t\t<p>\u00c0 tout moment, vous avez la possibilit\u00e9 de commander des snacks, qu&rsquo;ils soient sal\u00e9s ou sucr\u00e9s, ainsi que des pizzas pour accompagner vos boissons.<\/p>\t\t\t\t\t\t\t\t<\/div>\n\t\t\t\t<\/div>\n\t\t\t\t<div class=\"elementor-element elementor-element-f53241a elementor-widget elementor-widget-heading\" data-id=\"f53241a\" data-element_type=\"widget\" data-e-type=\"widget\" data-widget_type=\"heading.default\">\n\t\t\t\t<div class=\"elementor-widget-container\">\n\t\t\t\t\t<h2 class=\"elementor-heading-title elementor-size-default\">Boissons &amp; Cocktails : l'Art de la d\u00e9tente\u00a0<\/h2>\t\t\t\t<\/div>\n\t\t\t\t<\/div>\n\t\t\t\t<div class=\"elementor-element elementor-element-df2523b elementor-widget elementor-widget-text-editor\" data-id=\"df2523b\" data-element_type=\"widget\" data-e-type=\"widget\" data-widget_type=\"text-editor.default\">\n\t\t\t\t<div class=\"elementor-widget-container\">\n\t\t\t\t\t\t\t\t\t<p>Des produits issus de maisons renomm\u00e9es comme Combier, Bache Gabrielsen, La Brasserie du Bouffay\u2026<\/p>\t\t\t\t\t\t\t\t<\/div>\n\t\t\t\t<\/div>\n\t\t\t\t<div class=\"elementor-element elementor-element-eabc2de elementor-widget elementor-widget-text-editor\" data-id=\"eabc2de\" data-element_type=\"widget\" data-e-type=\"widget\" data-widget_type=\"text-editor.default\">\n\t\t\t\t<div class=\"elementor-widget-container\">\n\t\t\t\t\t\t\t\t\t<p>Une gamme de cocktails raffin\u00e9s, avec la possibilit\u00e9 de personnaliser vos choix selon vos envies !<\/p>\t\t\t\t\t\t\t\t<\/div>\n\t\t\t\t<\/div>\n\t\t\t\t<div class=\"elementor-element elementor-element-23effd7 elementor-widget elementor-widget-text-editor\" data-id=\"23effd7\" data-element_type=\"widget\" data-e-type=\"widget\" data-widget_type=\"text-editor.default\">\n\t\t\t\t<div class=\"elementor-widget-container\">\n\t\t\t\t\t\t\t\t\t<p>Spritzoth\u00e8que, une s\u00e9lection vari\u00e9e de Spritz parfum\u00e9s vous est propos\u00e9e pour \u00e9gayer vos papilles !<\/p>\t\t\t\t\t\t\t\t<\/div>\n\t\t\t\t<\/div>\n\t\t\t\t<\/div>\n\t\t\t\t\t<\/div>\n\t\t\t\t<\/div>\n\t\t<div class=\"elementor-element elementor-element-05cbeb6 e-con-full e-flex e-con e-parent\" data-id=\"05cbeb6\" data-element_type=\"container\" data-e-type=\"container\">\n\t\t\t\t<div class=\"elementor-element elementor-element-f0781d3 elementor-hidden-mobile elementor-widget elementor-widget-image\" data-id=\"f0781d3\" data-element_type=\"widget\" data-e-type=\"widget\" data-widget_type=\"image.default\">\n\t\t\t\t<div class=\"elementor-widget-container\">\n\t\t\t\t\t\t\t\t\t\t\t\t\t\t\t<img decoding=\"async\" width=\"984\" height=\"16\" src=\"https:\/\/www.hdc-nantes.com\/wp-content\/uploads\/2024\/01\/vague_long.png\" class=\"attachment-full size-full wp-image-144\" alt=\"Pictogramme d&#039;une vague.\" srcset=\"https:\/\/www.hdc-nantes.com\/wp-content\/uploads\/2024\/01\/vague_long.png 984w, https:\/\/www.hdc-nantes.com\/wp-content\/uploads\/2024\/01\/vague_long-300x5.png 300w, https:\/\/www.hdc-nantes.com\/wp-content\/uploads\/2024\/01\/vague_long-768x12.png 768w\" sizes=\"(max-width: 984px) 100vw, 984px\" \/>\t\t\t\t\t\t\t\t\t\t\t\t\t\t\t<\/div>\n\t\t\t\t<\/div>\n\t\t\t\t<div class=\"elementor-element elementor-element-64d9132 elementor-hidden-desktop elementor-hidden-tablet elementor-invisible elementor-widget elementor-widget-image\" data-id=\"64d9132\" data-element_type=\"widget\" data-e-type=\"widget\" data-settings=\"{&quot;_animation&quot;:&quot;fadeInUp&quot;}\" data-widget_type=\"image.default\">\n\t\t\t\t<div class=\"elementor-widget-container\">\n\t\t\t\t\t\t\t\t\t\t\t\t\t\t\t<img decoding=\"async\" width=\"463\" height=\"16\" src=\"https:\/\/www.hdc-nantes.com\/wp-content\/uploads\/2024\/01\/vague_court.png\" class=\"attachment-full size-full wp-image-99\" alt=\"Pictogramme d&#039;une vague.\" srcset=\"https:\/\/www.hdc-nantes.com\/wp-content\/uploads\/2024\/01\/vague_court.png 463w, https:\/\/www.hdc-nantes.com\/wp-content\/uploads\/2024\/01\/vague_court-300x10.png 300w\" sizes=\"(max-width: 463px) 100vw, 463px\" \/>\t\t\t\t\t\t\t\t\t\t\t\t\t\t\t<\/div>\n\t\t\t\t<\/div>\n\t\t\t\t<\/div>\n\t\t<div class=\"elementor-element elementor-element-79cb28c e-flex e-con-boxed e-con e-parent\" data-id=\"79cb28c\" data-element_type=\"container\" data-e-type=\"container\">\n\t\t\t\t\t<div class=\"e-con-inner\">\n\t\t<div class=\"elementor-element elementor-element-a412f84 e-con-full e-flex e-con e-child\" data-id=\"a412f84\" data-element_type=\"container\" data-e-type=\"container\">\n\t\t\t\t<div class=\"elementor-element elementor-element-0b2cd71 elementor-widget elementor-widget-heading\" data-id=\"0b2cd71\" data-element_type=\"widget\" data-e-type=\"widget\" data-widget_type=\"heading.default\">\n\t\t\t\t<div class=\"elementor-widget-container\">\n\t\t\t\t\t<h2 class=\"elementor-heading-title elementor-size-default\">R\u00e9servation<\/h2>\t\t\t\t<\/div>\n\t\t\t\t<\/div>\n\t\t\t\t<div class=\"elementor-element elementor-element-cb25f45 elementor-widget elementor-widget-text-editor\" data-id=\"cb25f45\" data-element_type=\"widget\" data-e-type=\"widget\" data-widget_type=\"text-editor.default\">\n\t\t\t\t<div class=\"elementor-widget-container\">\n\t\t\t\t\t\t\t\t\t<p>Nous serions ravis de vous accueillir pour un afterwork ou toute autre occasion&#8230; Contactez-nous pour plus d&rsquo;informations !<\/p>\t\t\t\t\t\t\t\t<\/div>\n\t\t\t\t<\/div>\n\t\t\t\t<div class=\"elementor-element elementor-element-8935460 elementor-widget elementor-widget-text-editor\" data-id=\"8935460\" data-element_type=\"widget\" data-e-type=\"widget\" data-widget_type=\"text-editor.default\">\n\t\t\t\t<div class=\"elementor-widget-container\">\n\t\t\t\t\t\t\t\t\t<p><strong>T\u00e9l\u00e9phone :<\/strong> 02.40.47.50.00<\/p>\t\t\t\t\t\t\t\t<\/div>\n\t\t\t\t<\/div>\n\t\t\t\t<div class=\"elementor-element elementor-element-4ae130c elementor-widget elementor-widget-text-editor\" data-id=\"4ae130c\" data-element_type=\"widget\" data-e-type=\"widget\" data-widget_type=\"text-editor.default\">\n\t\t\t\t<div class=\"elementor-widget-container\">\n\t\t\t\t\t\t\t\t\t<p><strong>Mail :<\/strong> dukes@hdc-nantes.com<\/p>\t\t\t\t\t\t\t\t<\/div>\n\t\t\t\t<\/div>\n\t\t\t\t<div class=\"elementor-element elementor-element-5936328 elementor-widget elementor-widget-text-editor\" data-id=\"5936328\" data-element_type=\"widget\" data-e-type=\"widget\" data-widget_type=\"text-editor.default\">\n\t\t\t\t<div class=\"elementor-widget-container\">\n\t\t\t\t\t\t\t\t\t<p><strong>Instagram :<\/strong> @dukesbar.nantes<\/p>\t\t\t\t\t\t\t\t<\/div>\n\t\t\t\t<\/div>\n\t\t\t\t<\/div>\n\t\t<div class=\"elementor-element elementor-element-6cc0056 e-con-full e-flex e-con e-child\" data-id=\"6cc0056\" data-element_type=\"container\" data-e-type=\"container\">\n\t\t\t\t<div class=\"elementor-element elementor-element-acc2602 elementor-widget elementor-widget-image\" data-id=\"acc2602\" data-element_type=\"widget\" data-e-type=\"widget\" data-widget_type=\"image.default\">\n\t\t\t\t<div class=\"elementor-widget-container\">\n\t\t\t\t\t\t\t\t\t\t\t\t\t\t\t<img loading=\"lazy\" decoding=\"async\" width=\"800\" height=\"534\" src=\"https:\/\/www.hdc-nantes.com\/wp-content\/uploads\/2024\/11\/bar-hotel-de-la-cite-david-gallard-22-1024x683.jpg\" class=\"attachment-large size-large wp-image-3369\" alt=\"\" srcset=\"https:\/\/www.hdc-nantes.com\/wp-content\/uploads\/2024\/11\/bar-hotel-de-la-cite-david-gallard-22-1024x683.jpg 1024w, https:\/\/www.hdc-nantes.com\/wp-content\/uploads\/2024\/11\/bar-hotel-de-la-cite-david-gallard-22-300x200.jpg 300w, https:\/\/www.hdc-nantes.com\/wp-content\/uploads\/2024\/11\/bar-hotel-de-la-cite-david-gallard-22-768x512.jpg 768w, https:\/\/www.hdc-nantes.com\/wp-content\/uploads\/2024\/11\/bar-hotel-de-la-cite-david-gallard-22-1536x1024.jpg 1536w, https:\/\/www.hdc-nantes.com\/wp-content\/uploads\/2024\/11\/bar-hotel-de-la-cite-david-gallard-22-18x12.jpg 18w\" sizes=\"(max-width: 800px) 100vw, 800px\" \/>\t\t\t\t\t\t\t\t\t\t\t\t\t\t\t<\/div>\n\t\t\t\t<\/div>\n\t\t\t\t<\/div>\n\t\t\t\t\t<\/div>\n\t\t\t\t<\/div>\n\t\t\t\t<\/div>","protected":false},"excerpt":{"rendered":"<p>Duke&rsquo;s Bar Le Duke\u2019s Bar vous ouvre ses portes tous les jours, que vous s\u00e9journiez \u00e0 l\u2019h\u00f4tel ou non. Profitez d\u2019un cadre chaleureux pour une pause d\u00e9tente et des instants conviviaux entre coll\u00e8gues ! Votre pause gourmande : Ap\u00e9ro, Snack &#038; Pizza \u00c0 tout moment, vous avez la possibilit\u00e9 de commander des snacks, qu&rsquo;ils soient [&hellip;]<\/p>\n","protected":false},"author":11,"featured_media":0,"parent":0,"menu_order":0,"comment_status":"closed","ping_status":"closed","template":"","meta":{"footnotes":""},"pages-categories":[18],"pages-tags":[],"class_list":["post-3406","page","type-page","status-publish","hentry","pages-categories-cite"],"yoast_head":"<!-- This site is optimized with the Yoast SEO plugin v27.4 - https:\/\/yoast.com\/product\/yoast-seo-wordpress\/ -->\n<title>Duke&#039;s Bar - H\u00f4tel de la Cit\u00e9<\/title>\n<meta name=\"robots\" content=\"index, follow, max-snippet:-1, max-image-preview:large, max-video-preview:-1\" \/>\n<link rel=\"canonical\" href=\"https:\/\/www.hdc-nantes.com\/es\/dukes-bar\/\" \/>\n<meta property=\"og:locale\" content=\"es_ES\" \/>\n<meta property=\"og:type\" content=\"article\" \/>\n<meta property=\"og:title\" content=\"Duke&#039;s Bar - H\u00f4tel de la Cit\u00e9\" \/>\n<meta property=\"og:description\" content=\"Duke&rsquo;s Bar Le Duke\u2019s Bar vous ouvre ses portes tous les jours, que vous s\u00e9journiez \u00e0 l\u2019h\u00f4tel ou non. Profitez d\u2019un cadre chaleureux pour une pause d\u00e9tente et des instants conviviaux entre coll\u00e8gues ! Votre pause gourmande : Ap\u00e9ro, Snack &#038; Pizza \u00c0 tout moment, vous avez la possibilit\u00e9 de commander des snacks, qu&rsquo;ils soient [&hellip;]\" \/>\n<meta property=\"og:url\" content=\"https:\/\/www.hdc-nantes.com\/es\/dukes-bar\/\" \/>\n<meta property=\"og:site_name\" content=\"H\u00f4tel de la Cit\u00e9\" \/>\n<meta property=\"article:modified_time\" content=\"2026-02-18T08:15:33+00:00\" \/>\n<meta property=\"og:image\" content=\"https:\/\/www.hdc-nantes.com\/wp-content\/uploads\/2024\/01\/logo-HDC.png\" \/>\n<meta name=\"twitter:card\" content=\"summary_large_image\" \/>\n<meta name=\"twitter:label1\" content=\"Tiempo de lectura\" \/>\n\t<meta name=\"twitter:data1\" content=\"3 minutos\" \/>\n<script type=\"application\/ld+json\" class=\"yoast-schema-graph\">{\"@context\":\"https:\\\/\\\/schema.org\",\"@graph\":[{\"@type\":\"WebPage\",\"@id\":\"https:\\\/\\\/www.hdc-nantes.com\\\/dukes-bar\\\/\",\"url\":\"https:\\\/\\\/www.hdc-nantes.com\\\/dukes-bar\\\/\",\"name\":\"Duke's Bar - H\u00f4tel de la Cit\u00e9\",\"isPartOf\":{\"@id\":\"https:\\\/\\\/www.hdc-nantes.com\\\/#website\"},\"primaryImageOfPage\":{\"@id\":\"https:\\\/\\\/www.hdc-nantes.com\\\/dukes-bar\\\/#primaryimage\"},\"image\":{\"@id\":\"https:\\\/\\\/www.hdc-nantes.com\\\/dukes-bar\\\/#primaryimage\"},\"thumbnailUrl\":\"https:\\\/\\\/www.hdc-nantes.com\\\/wp-content\\\/uploads\\\/2024\\\/01\\\/logo-HDC.png\",\"datePublished\":\"2024-11-28T09:10:43+00:00\",\"dateModified\":\"2026-02-18T08:15:33+00:00\",\"breadcrumb\":{\"@id\":\"https:\\\/\\\/www.hdc-nantes.com\\\/dukes-bar\\\/#breadcrumb\"},\"inLanguage\":\"es\",\"potentialAction\":[{\"@type\":\"ReadAction\",\"target\":[\"https:\\\/\\\/www.hdc-nantes.com\\\/dukes-bar\\\/\"]}]},{\"@type\":\"ImageObject\",\"inLanguage\":\"es\",\"@id\":\"https:\\\/\\\/www.hdc-nantes.com\\\/dukes-bar\\\/#primaryimage\",\"url\":\"https:\\\/\\\/www.hdc-nantes.com\\\/wp-content\\\/uploads\\\/2024\\\/01\\\/logo-HDC.png\",\"contentUrl\":\"https:\\\/\\\/www.hdc-nantes.com\\\/wp-content\\\/uploads\\\/2024\\\/01\\\/logo-HDC.png\"},{\"@type\":\"BreadcrumbList\",\"@id\":\"https:\\\/\\\/www.hdc-nantes.com\\\/dukes-bar\\\/#breadcrumb\",\"itemListElement\":[{\"@type\":\"ListItem\",\"position\":1,\"name\":\"Accueil\",\"item\":\"https:\\\/\\\/www.hdc-nantes.com\\\/\"},{\"@type\":\"ListItem\",\"position\":2,\"name\":\"Duke&rsquo;s Bar\"}]},{\"@type\":\"WebSite\",\"@id\":\"https:\\\/\\\/www.hdc-nantes.com\\\/#website\",\"url\":\"https:\\\/\\\/www.hdc-nantes.com\\\/\",\"name\":\"H\u00f4tel de la Cit\u00e9\",\"description\":\"H\u00f4tel au centre de Nantes\",\"publisher\":{\"@id\":\"https:\\\/\\\/www.hdc-nantes.com\\\/#organization\"},\"potentialAction\":[{\"@type\":\"SearchAction\",\"target\":{\"@type\":\"EntryPoint\",\"urlTemplate\":\"https:\\\/\\\/www.hdc-nantes.com\\\/?s={search_term_string}\"},\"query-input\":{\"@type\":\"PropertyValueSpecification\",\"valueRequired\":true,\"valueName\":\"search_term_string\"}}],\"inLanguage\":\"es\"},{\"@type\":\"Organization\",\"@id\":\"https:\\\/\\\/www.hdc-nantes.com\\\/#organization\",\"name\":\"H\u00f4tel de la Cit\u00e9\",\"url\":\"https:\\\/\\\/www.hdc-nantes.com\\\/\",\"logo\":{\"@type\":\"ImageObject\",\"inLanguage\":\"es\",\"@id\":\"https:\\\/\\\/www.hdc-nantes.com\\\/#\\\/schema\\\/logo\\\/image\\\/\",\"url\":\"https:\\\/\\\/www.hdc-nantes.com\\\/wp-content\\\/uploads\\\/2024\\\/01\\\/logo-hdc-horizontal.png\",\"contentUrl\":\"https:\\\/\\\/www.hdc-nantes.com\\\/wp-content\\\/uploads\\\/2024\\\/01\\\/logo-hdc-horizontal.png\",\"width\":247,\"height\":79,\"caption\":\"H\u00f4tel de la Cit\u00e9\"},\"image\":{\"@id\":\"https:\\\/\\\/www.hdc-nantes.com\\\/#\\\/schema\\\/logo\\\/image\\\/\"}}]}<\/script>\n<!-- \/ Yoast SEO plugin. -->","yoast_head_json":{"title":"Duke's Bar - H\u00f4tel de la Cit\u00e9","robots":{"index":"index","follow":"follow","max-snippet":"max-snippet:-1","max-image-preview":"max-image-preview:large","max-video-preview":"max-video-preview:-1"},"canonical":"https:\/\/www.hdc-nantes.com\/es\/dukes-bar\/","og_locale":"es_ES","og_type":"article","og_title":"Duke's Bar - H\u00f4tel de la Cit\u00e9","og_description":"Duke&rsquo;s Bar Le Duke\u2019s Bar vous ouvre ses portes tous les jours, que vous s\u00e9journiez \u00e0 l\u2019h\u00f4tel ou non. Profitez d\u2019un cadre chaleureux pour une pause d\u00e9tente et des instants conviviaux entre coll\u00e8gues ! Votre pause gourmande : Ap\u00e9ro, Snack &#038; Pizza \u00c0 tout moment, vous avez la possibilit\u00e9 de commander des snacks, qu&rsquo;ils soient [&hellip;]","og_url":"https:\/\/www.hdc-nantes.com\/es\/dukes-bar\/","og_site_name":"H\u00f4tel de la Cit\u00e9","article_modified_time":"2026-02-18T08:15:33+00:00","og_image":[{"url":"https:\/\/www.hdc-nantes.com\/wp-content\/uploads\/2024\/01\/logo-HDC.png","type":"","width":"","height":""}],"twitter_card":"summary_large_image","twitter_misc":{"Tiempo de lectura":"3 minutos"},"schema":{"@context":"https:\/\/schema.org","@graph":[{"@type":"WebPage","@id":"https:\/\/www.hdc-nantes.com\/dukes-bar\/","url":"https:\/\/www.hdc-nantes.com\/dukes-bar\/","name":"Duke's Bar - H\u00f4tel de la Cit\u00e9","isPartOf":{"@id":"https:\/\/www.hdc-nantes.com\/#website"},"primaryImageOfPage":{"@id":"https:\/\/www.hdc-nantes.com\/dukes-bar\/#primaryimage"},"image":{"@id":"https:\/\/www.hdc-nantes.com\/dukes-bar\/#primaryimage"},"thumbnailUrl":"https:\/\/www.hdc-nantes.com\/wp-content\/uploads\/2024\/01\/logo-HDC.png","datePublished":"2024-11-28T09:10:43+00:00","dateModified":"2026-02-18T08:15:33+00:00","breadcrumb":{"@id":"https:\/\/www.hdc-nantes.com\/dukes-bar\/#breadcrumb"},"inLanguage":"es","potentialAction":[{"@type":"ReadAction","target":["https:\/\/www.hdc-nantes.com\/dukes-bar\/"]}]},{"@type":"ImageObject","inLanguage":"es","@id":"https:\/\/www.hdc-nantes.com\/dukes-bar\/#primaryimage","url":"https:\/\/www.hdc-nantes.com\/wp-content\/uploads\/2024\/01\/logo-HDC.png","contentUrl":"https:\/\/www.hdc-nantes.com\/wp-content\/uploads\/2024\/01\/logo-HDC.png"},{"@type":"BreadcrumbList","@id":"https:\/\/www.hdc-nantes.com\/dukes-bar\/#breadcrumb","itemListElement":[{"@type":"ListItem","position":1,"name":"Accueil","item":"https:\/\/www.hdc-nantes.com\/"},{"@type":"ListItem","position":2,"name":"Duke&rsquo;s Bar"}]},{"@type":"WebSite","@id":"https:\/\/www.hdc-nantes.com\/#website","url":"https:\/\/www.hdc-nantes.com\/","name":"H\u00f4tel de la Cit\u00e9","description":"H\u00f4tel au centre de Nantes","publisher":{"@id":"https:\/\/www.hdc-nantes.com\/#organization"},"potentialAction":[{"@type":"SearchAction","target":{"@type":"EntryPoint","urlTemplate":"https:\/\/www.hdc-nantes.com\/?s={search_term_string}"},"query-input":{"@type":"PropertyValueSpecification","valueRequired":true,"valueName":"search_term_string"}}],"inLanguage":"es"},{"@type":"Organization","@id":"https:\/\/www.hdc-nantes.com\/#organization","name":"H\u00f4tel de la Cit\u00e9","url":"https:\/\/www.hdc-nantes.com\/","logo":{"@type":"ImageObject","inLanguage":"es","@id":"https:\/\/www.hdc-nantes.com\/#\/schema\/logo\/image\/","url":"https:\/\/www.hdc-nantes.com\/wp-content\/uploads\/2024\/01\/logo-hdc-horizontal.png","contentUrl":"https:\/\/www.hdc-nantes.com\/wp-content\/uploads\/2024\/01\/logo-hdc-horizontal.png","width":247,"height":79,"caption":"H\u00f4tel de la Cit\u00e9"},"image":{"@id":"https:\/\/www.hdc-nantes.com\/#\/schema\/logo\/image\/"}}]}},"_links":{"self":[{"href":"https:\/\/www.hdc-nantes.com\/es\/wp-json\/wp\/v2\/pages\/3406","targetHints":{"allow":["GET"]}}],"collection":[{"href":"https:\/\/www.hdc-nantes.com\/es\/wp-json\/wp\/v2\/pages"}],"about":[{"href":"https:\/\/www.hdc-nantes.com\/es\/wp-json\/wp\/v2\/types\/page"}],"author":[{"embeddable":true,"href":"https:\/\/www.hdc-nantes.com\/es\/wp-json\/wp\/v2\/users\/11"}],"replies":[{"embeddable":true,"href":"https:\/\/www.hdc-nantes.com\/es\/wp-json\/wp\/v2\/comments?post=3406"}],"version-history":[{"count":47,"href":"https:\/\/www.hdc-nantes.com\/es\/wp-json\/wp\/v2\/pages\/3406\/revisions"}],"predecessor-version":[{"id":3557,"href":"https:\/\/www.hdc-nantes.com\/es\/wp-json\/wp\/v2\/pages\/3406\/revisions\/3557"}],"wp:attachment":[{"href":"https:\/\/www.hdc-nantes.com\/es\/wp-json\/wp\/v2\/media?parent=3406"}],"wp:term":[{"taxonomy":"pages-categories","embeddable":true,"href":"https:\/\/www.hdc-nantes.com\/es\/wp-json\/wp\/v2\/pages-categories?post=3406"},{"taxonomy":"pages-tags","embeddable":true,"href":"https:\/\/www.hdc-nantes.com\/es\/wp-json\/wp\/v2\/pages-tags?post=3406"}],"curies":[{"name":"wp","href":"https:\/\/api.w.org\/{rel}","templated":true}]}}