{"id":2750,"date":"2024-04-11T15:55:29","date_gmt":"2024-04-11T13:55:29","guid":{"rendered":"https:\/\/anolisa.oniti.pro\/?page_id=2750"},"modified":"2026-02-18T09:17:52","modified_gmt":"2026-02-18T08:17:52","slug":"rd-equipements","status":"publish","type":"page","link":"https:\/\/www.hdc-nantes.com\/es\/rd-equipements\/","title":{"rendered":"Les \u00e9quipements de votre chambre"},"content":{"rendered":"<div data-elementor-type=\"wp-page\" data-elementor-id=\"2750\" class=\"elementor elementor-2750\" data-elementor-post-type=\"page\">\n\t\t\t\t<div class=\"elementor-element elementor-element-a9107b3 e-flex e-con-boxed e-con e-parent\" data-id=\"a9107b3\" data-element_type=\"container\" data-e-type=\"container\">\n\t\t\t\t\t<div class=\"e-con-inner\">\n\t\t<div class=\"elementor-element elementor-element-b26843f e-con-full e-flex e-con e-child\" data-id=\"b26843f\" data-element_type=\"container\" data-e-type=\"container\">\n\t\t\t\t<div class=\"elementor-element elementor-element-40c18fb elementor-widget elementor-widget-heading\" data-id=\"40c18fb\" data-element_type=\"widget\" data-e-type=\"widget\" data-widget_type=\"heading.default\">\n\t\t\t\t<div class=\"elementor-widget-container\">\n\t\t\t\t\t<h1 class=\"elementor-heading-title elementor-size-default\">Les \u00e9quipements de votre chambre<\/h1>\t\t\t\t<\/div>\n\t\t\t\t<\/div>\n\t\t\t\t<div class=\"elementor-element elementor-element-0a46742 elementor-tabs-view-horizontal elementor-widget elementor-widget-tabs\" data-id=\"0a46742\" data-element_type=\"widget\" data-e-type=\"widget\" data-widget_type=\"tabs.default\">\n\t\t\t\t<div class=\"elementor-widget-container\">\n\t\t\t\t\t\t\t<div class=\"elementor-tabs\">\n\t\t\t<div class=\"elementor-tabs-wrapper\" role=\"tablist\" >\n\t\t\t\t\t\t\t\t\t<div id=\"elementor-tab-title-1071\" class=\"elementor-tab-title elementor-tab-desktop-title\" aria-selected=\"true\" data-tab=\"1\" role=\"tab\" tabindex=\"0\" aria-controls=\"elementor-tab-content-1071\" aria-expanded=\"false\">Le purificateur d'air<\/div>\n\t\t\t\t\t\t\t\t\t<div id=\"elementor-tab-title-1072\" class=\"elementor-tab-title elementor-tab-desktop-title\" aria-selected=\"false\" data-tab=\"2\" role=\"tab\" tabindex=\"-1\" aria-controls=\"elementor-tab-content-1072\" aria-expanded=\"false\">Le coffre fort<\/div>\n\t\t\t\t\t\t\t\t\t<div id=\"elementor-tab-title-1073\" class=\"elementor-tab-title elementor-tab-desktop-title\" aria-selected=\"false\" data-tab=\"3\" role=\"tab\" tabindex=\"-1\" aria-controls=\"elementor-tab-content-1073\" aria-expanded=\"false\">La t\u00e9l\u00e9vision connect\u00e9e<\/div>\n\t\t\t\t\t\t\t<\/div>\n\t\t\t<div class=\"elementor-tabs-content-wrapper\" role=\"tablist\" aria-orientation=\"vertical\">\n\t\t\t\t\t\t\t\t\t<div class=\"elementor-tab-title elementor-tab-mobile-title\" aria-selected=\"true\" data-tab=\"1\" role=\"tab\" tabindex=\"0\" aria-controls=\"elementor-tab-content-1071\" aria-expanded=\"false\">Le purificateur d'air<\/div>\n\t\t\t\t\t<div id=\"elementor-tab-content-1071\" class=\"elementor-tab-content elementor-clearfix\" data-tab=\"1\" role=\"tabpanel\" aria-labelledby=\"elementor-tab-title-1071\" tabindex=\"0\" hidden=\"false\"><p><img fetchpriority=\"high\" decoding=\"async\" class=\"aligncenter\" src=\"https:\/\/www.jvd.fr\/wp-content\/uploads\/2021\/12\/jvx009-compactnoir-2-800x800.jpg\" alt=\"\" width=\"489\" height=\"489\" \/><\/p><p>Votre chambre est \u00e9quip\u00e9e d&rsquo;un purificateur d&rsquo;air professionnel Shield\u00ae qui vous prot\u00e8ge des nuisances pr\u00e9sentes dans l\u2019air \u00e0 la mani\u00e8re d\u2019un bouclier invisible. Les virus, polluants, odeurs et allerg\u00e8nes entrant dans sa zone d\u2019action sont imm\u00e9diatement neutralis\u00e9s puis supprim\u00e9s, cr\u00e9ant autour de vous une v\u00e9ritable bulle de vie.<\/p><p>Son utilisation est tr\u00e8s simple avec ses deux boutons :<\/p><p><img decoding=\"async\" class=\"\" src=\"data:image\/png;base64,iVBORw0KGgoAAAANSUhEUgAAAHQAAABkCAYAAABXTBS8AAAGwUlEQVR4Ae2awVH0PAyGuXPgyJESKIESKIESOHKkBArgQAmUQAmUQAmUkH+ef0YzXn1yYtlO1mvkmZ1sdmJbeh9JtgNXS7SpFLiayptwZgmgkwVBAA2gkykwmTuRoQF0MgUmcycyNIBOpsBk7kSGBtDJFJjMncjQADqZApO5ExkaQCdTYDJ3IkMD6GQKTOZOZGgAnUyBydyJDA2gkykwmTuRoQF0MgUmcycyNIBOpsBk7kyRob+\/v8vHx8fy8\/MzGR6\/O1MAvbm5Wa6urv7\/APYvt4sHCkCByfXh4eEv87z8\/5x\/fX0NoEkIX3yGBtCE5rJEhp7Kcfl3kaGXz\/DEg8OAcrT4+vr653NiTcXNCCXX8utcR6jdgH5\/fy+IfX9\/f7JpSXek+js7VD5vb2\/FZ8ojgcp59+npabm7uyvyC\/+fn58X9DiidQfKMaLUWQ1U3wOX8RAy1\/YGytwEmCcwtR9yjy6MtWfrBvTz87MbSBEgvZIVFti9gDIXY6cvLVJ7Wr4Ddq8XIM1Acfzx8bGo\/LSIQF\/EZb1K2x5AyaIakN4+VCArSFP\/vN+bgLLwr5UiHCSziMbcGsLvsqkATklwsCZJ6wkUfxB5K\/DwmXmxO+cXY1G18H8NNNmaG0N89FyrgWJEztDWkoIYW+sWomJDL6AEXc4fAItPtRnF+IxhBQvz9oJaBRTBc84jcK3TViTiaK4KINDLy8uJSGSYtyG2JTS\/MR6Z1quhj6VdL6huoMCyBO5lkCUcc1JmLdFvb29PfvcCzcHEn712pLnqhq6tyeAGypqghcUQsnbvRqZY0Z3a4wGag8kYe\/uTSwyP\/ZbeLqBsAlLx+L5nZloG56Jb7CoVJAeTgD2qAdUKUL2T99jjAopYIpxcWybHUAAxhufz\/v6+XF9f\/2MLNpUAHQGmQMJ\/0VKu7A1qWzFQyp1MKNf0+OA1gJKW2\/XJ+DXXLaAjwRTN9E4dv7GzphUD1edDSkXLAs6GowbYVp81oCPCBJpVetmX1LQioEyohSSqWlpOXD2P9z63BubW3tzzLb7V9LX0qNmYFQHtNVnqKEFi7Zi9ANPnyU5LBOayjlqjwEQXK2lqjk1FQHW5rS0HKdAjv2v7CYK10nykbelc2k7uva0IKM6nmdBabr1GtjxvbTha1\/8We9b66n0FdnpbEdAUJt9bjypeI2ufx05tO\/espyM2y16vndMCZS21Du0165JX1NrnrTMpa6unbQJFGB3l1sbDM+kRz46+CcppoLX2VsMpgVq7ZwB7oz0n+p6\/7w4U41sn2VMAPbZ1xKL0XkJVOaTkXhLQ3MuDnn\/P1AHU8\/6wTdElHFsop9a74Us6Yh12bNEH3hFfLOigY5nQLw\/IYGynBI8IWuu824sFa10aaU2yNkFkq94EacH+7Ks\/hNEbo1Ei3IKJrWSjbhooz40CVZdbbKtJms1ji4iixaBs6QyQZ4+65mBSUaxm\/U13BKjoqF+C1C5rxUCtHdg5ozsHc8sma\/kAai4IrMDo\/Zv1vrnWnmKgOGFtPM5xJKiFKSAsAYF6jmXEOnvWZif+uYBaWUqpsNYrEa\/3tRWm2JMbh6A9ailhjdSllsDyvu4Tn7i6gNLBEoKI2hsqzlsVomUNtHxhPHbIR\/iDbsyXfmqOKk1AiV7LECKtJbJSo\/R3doBWJCNEa5nMQWXsvf4yQ7BY\/qBra3VwZyhiW7syiTIEbjVKgLI+57KS+Wo3DjK+XBnHEpg5yFbA9vCJMXLrN\/P3qApVQBEiF2WIgHG10Y3TCGy9xpOgYfxeMAUq\/mzNSTbXnA2ZY82nXjCZpxoonXHOKr8iPFfWBJyxyjHw+J0P\/+O7NRbjkbG1ogq83BV79Hk79UW+YwOZRgXJ2YJP+M14AJO++orPPTJTfGoCyiCIsLYOaQdq7xGldb0Up7euVJe1bK31QfcjMNCvZ2sGKsYQkXuIICB7Oy52r13JsLU1XAMqvUenvc7v3YCKMGtrRanDPEcp6rUZEdtqrwRrjyoESPTZs3UHKsaytgCkZF0EIM4iGg6fIxvF7rWr+ISdpX5JYPZcJ9ds3A2oNSmRnn6OctKypddvQE59ku+9xveOcyhQr3HxvF+BAOrXbOgeAXRoPH7jAqhfs6F7BNCh8fiNC6B+zYbuEUCHxuM3LoD6NRu6RwAdGo\/fuADq12zoHgF0aDx+4wKoX7OhewTQofH4jQugfs2G7hFAh8bjNy6A+jUbukcAHRqP37gA6tds6B4BdGg8fuMCqF+zoXsE0KHx+I0LoH7Nhu4RQIfG4zcugPo1G7pHAB0aj9+4AOrXbOge\/wES9AYgpTIioAAAAABJRU5ErkJggg==\" alt=\"\" width=\"61\" height=\"53\" \/> Mettre en marche et arr\u00eater le purificateur<\/p><p><img decoding=\"async\" class=\"\" src=\"data:image\/png;base64,iVBORw0KGgoAAAANSUhEUgAAAHoAAABUCAYAAABN\/yOiAAAECElEQVR4Ae2cDZHCMBCFcYAEJCABCUhAAhKQgAQkIAEJSEACEnLzuMlN2MmmpMdu0+Zl5qb\/2+R93ewm7bEKLF0osOqilWxkIOhOHgKCJuhOFOikmfRogu5EgU6aSY8m6E4U6KSZ9GiC7kSBTppJjyboThTopJn0aILuRIFOmkmPdgb9fD6d7\/h7O4I2kP3xeITb7RbO53M4nU5ht9uF7XYbVqvV62+9Xofr9WpwZ90kQevaFI8MwYxQteVmsyna\/\/ZBgh5Q9H6\/q56pQfx0\/8Ctv3qYoAtyHg6Hv+72U3g15+Eh8ioErSiNpKkGWu7cNC7njiOOexWCVpQGaCRNOUDpPsBEsoWkC8kX4CF+oxyPx+L1uMarEHRBaWTGMWPWYGqX49r0gcit40HwKgRtoDQ8OtcbyK4cD49XIWgDpSVQeDMSu8vl8ublnkMsgv4y6FxcBnjEfMRv2YV\/+faqOYJWpak\/kIvL6MLjMCqXycdj9Xeru4Kg6\/RSz9biMrrrtEiP9hpiEXRK4R\/rWlyWJpGApbC9hlgELUmM2C7FZWluv9+\/gfYaYhG0JFG5PRSXpTl4cOrRXkMsgpYkKrY\/jcupyamGWASdUqhc\/zQup2anGmIRdEqhYr0mLqdmpxpiEXRK4cP12rgszaYxGuseQyyClhQGtsfEZWlyiiEWQUsKA9tj4rI0OcUQi6AlhcL22LgsTU4xxCJoSUHZlsMixNZ0Hlu5LLtbZt4ekyYEnUXxvhMvHnLvl+U89vtV5S3AxWtKxGvEfetC0AMKYziUi8seXjhQtarDBD0gl0yc0GUD\/NwKQReI4WM\/OeZFFw4vn1shaIWYTJgicK8PBZRqjd5N0BnptOQLHj7XQtCCnAYZH\/fNuRB0Qk+DjORrjnE5aRp\/9DWKsWTIaCM9OoTXV5q5CZEleHJ8kLsHvXRPJugQXr86sHRP7ho0EqvcjFec9Zp74hXhpsvuum5MhOS8eMmQAbwb0HjThLdFcYZLLpeUeKWeHNcXDRqJFmazSoAB3Ou\/JaLoUywXAxpdMv7guZjFGoILwDgHD0MPxQU0khu8v9Vio+xGrbdRD3jxEpMu7aF1AZ173WcNM2cfHtwb4AjeBbT1zzjloMZ98F4Mpf7z2U8Ua85LF9ClIU0E8s0lvsOC5+K+LL8KuIDGrRAPY8JksSTQsgJuoMvV4FFrBQjaWuFG7BN0IyCsq0HQ1go3Yp+gGwFhXQ2Ctla4EfsE3QgI62oQtLXCjdgn6EZAWFeDoK0VbsQ+QTcCwroaBG2tcCP2CboRENbVIGhrhRuxT9CNgLCuBkFbK9yIfYJuBIR1NQjaWuFG7BN0IyCsq0HQ1go3Yp+gGwFhXQ2Ctla4EfsE3QgI62r8AFV1YAGju4yiAAAAAElFTkSuQmCC\" alt=\"\" width=\"54\" height=\"36\" \/>Activer le mode BOOST (15 minutes)<\/p><\/div>\n\t\t\t\t\t\t\t\t\t<div class=\"elementor-tab-title elementor-tab-mobile-title\" aria-selected=\"false\" data-tab=\"2\" role=\"tab\" tabindex=\"-1\" aria-controls=\"elementor-tab-content-1072\" aria-expanded=\"false\">Le coffre fort<\/div>\n\t\t\t\t\t<div id=\"elementor-tab-content-1072\" class=\"elementor-tab-content elementor-clearfix\" data-tab=\"2\" role=\"tabpanel\" aria-labelledby=\"elementor-tab-title-1072\" tabindex=\"0\" hidden=\"hidden\"><p><img decoding=\"async\" class=\"aligncenter\" src=\"https:\/\/images.carriercms.com\/image\/upload\/w_600,q_auto,f_auto\/v1649806992\/onity\/products\/safes\/Onity-os700-safe-black-angeled-3x2-01.png\" alt=\"Onity-os700-safe-black-angeled-3x2-01\"><\/p><p>Utilisation du coffre fort&#8230;&#8230;<\/p><\/div>\n\t\t\t\t\t\t\t\t\t<div class=\"elementor-tab-title elementor-tab-mobile-title\" aria-selected=\"false\" data-tab=\"3\" role=\"tab\" tabindex=\"-1\" aria-controls=\"elementor-tab-content-1073\" aria-expanded=\"false\">La t\u00e9l\u00e9vision connect\u00e9e<\/div>\n\t\t\t\t\t<div id=\"elementor-tab-content-1073\" class=\"elementor-tab-content elementor-clearfix\" data-tab=\"3\" role=\"tabpanel\" aria-labelledby=\"elementor-tab-title-1073\" tabindex=\"0\" hidden=\"hidden\"><p>Comment diffuser mon contenu sur ma t\u00e9l\u00e9vision ?<\/p><\/div>\n\t\t\t\t\t\t\t<\/div>\n\t\t<\/div>\n\t\t\t\t\t\t<\/div>\n\t\t\t\t<\/div>\n\t\t\t\t<\/div>\n\t\t\t\t\t<\/div>\n\t\t\t\t<\/div>\n\t\t\t\t<\/div>","protected":false},"excerpt":{"rendered":"<p>Les \u00e9quipements de votre chambre Le purificateur d&rsquo;air Le coffre fort La t\u00e9l\u00e9vision connect\u00e9e Le purificateur d&rsquo;air Votre chambre est \u00e9quip\u00e9e d&rsquo;un purificateur d&rsquo;air professionnel Shield\u00ae qui vous prot\u00e8ge des nuisances pr\u00e9sentes dans l\u2019air \u00e0 la mani\u00e8re d\u2019un bouclier invisible. Les virus, polluants, odeurs et allerg\u00e8nes entrant dans sa zone d\u2019action sont imm\u00e9diatement neutralis\u00e9s puis [&hellip;]<\/p>\n","protected":false},"author":7,"featured_media":0,"parent":0,"menu_order":11,"comment_status":"closed","ping_status":"closed","template":"","meta":{"footnotes":""},"pages-categories":[18],"pages-tags":[],"class_list":["post-2750","page","type-page","status-publish","hentry","pages-categories-cite"],"yoast_head":"<!-- This site is optimized with the Yoast SEO plugin v27.3 - https:\/\/yoast.com\/product\/yoast-seo-wordpress\/ -->\n<title>Les \u00e9quipements de votre chambre - H\u00f4tel de la Cit\u00e9<\/title>\n<meta name=\"robots\" content=\"index, follow, max-snippet:-1, max-image-preview:large, max-video-preview:-1\" \/>\n<link rel=\"canonical\" href=\"https:\/\/www.hdc-nantes.com\/es\/rd-equipements\/\" \/>\n<meta property=\"og:locale\" content=\"es_ES\" \/>\n<meta property=\"og:type\" content=\"article\" \/>\n<meta property=\"og:title\" content=\"Les \u00e9quipements de votre chambre - H\u00f4tel de la Cit\u00e9\" \/>\n<meta property=\"og:description\" content=\"Les \u00e9quipements de votre chambre Le purificateur d&rsquo;air Le coffre fort La t\u00e9l\u00e9vision connect\u00e9e Le purificateur d&rsquo;air Votre chambre est \u00e9quip\u00e9e d&rsquo;un purificateur d&rsquo;air professionnel Shield\u00ae qui vous prot\u00e8ge des nuisances pr\u00e9sentes dans l\u2019air \u00e0 la mani\u00e8re d\u2019un bouclier invisible. Les virus, polluants, odeurs et allerg\u00e8nes entrant dans sa zone d\u2019action sont imm\u00e9diatement neutralis\u00e9s puis [&hellip;]\" \/>\n<meta property=\"og:url\" content=\"https:\/\/www.hdc-nantes.com\/es\/rd-equipements\/\" \/>\n<meta property=\"og:site_name\" content=\"H\u00f4tel de la Cit\u00e9\" \/>\n<meta property=\"article:modified_time\" content=\"2026-02-18T08:17:52+00:00\" \/>\n<meta property=\"og:image\" content=\"https:\/\/www.jvd.fr\/wp-content\/uploads\/2021\/12\/jvx009-compactnoir-2-800x800.jpg\" \/>\n<meta name=\"twitter:card\" content=\"summary_large_image\" \/>\n<meta name=\"twitter:label1\" content=\"Tiempo de lectura\" \/>\n\t<meta name=\"twitter:data1\" content=\"2 minutos\" \/>\n<script type=\"application\/ld+json\" class=\"yoast-schema-graph\">{\"@context\":\"https:\\\/\\\/schema.org\",\"@graph\":[{\"@type\":\"WebPage\",\"@id\":\"https:\\\/\\\/www.hdc-nantes.com\\\/rd-equipements\\\/\",\"url\":\"https:\\\/\\\/www.hdc-nantes.com\\\/rd-equipements\\\/\",\"name\":\"Les \u00e9quipements de votre chambre - H\u00f4tel de la Cit\u00e9\",\"isPartOf\":{\"@id\":\"https:\\\/\\\/www.hdc-nantes.com\\\/#website\"},\"primaryImageOfPage\":{\"@id\":\"https:\\\/\\\/www.hdc-nantes.com\\\/rd-equipements\\\/#primaryimage\"},\"image\":{\"@id\":\"https:\\\/\\\/www.hdc-nantes.com\\\/rd-equipements\\\/#primaryimage\"},\"thumbnailUrl\":\"https:\\\/\\\/www.jvd.fr\\\/wp-content\\\/uploads\\\/2021\\\/12\\\/jvx009-compactnoir-2-800x800.jpg\",\"datePublished\":\"2024-04-11T13:55:29+00:00\",\"dateModified\":\"2026-02-18T08:17:52+00:00\",\"breadcrumb\":{\"@id\":\"https:\\\/\\\/www.hdc-nantes.com\\\/rd-equipements\\\/#breadcrumb\"},\"inLanguage\":\"es\",\"potentialAction\":[{\"@type\":\"ReadAction\",\"target\":[\"https:\\\/\\\/www.hdc-nantes.com\\\/rd-equipements\\\/\"]}]},{\"@type\":\"ImageObject\",\"inLanguage\":\"es\",\"@id\":\"https:\\\/\\\/www.hdc-nantes.com\\\/rd-equipements\\\/#primaryimage\",\"url\":\"https:\\\/\\\/www.jvd.fr\\\/wp-content\\\/uploads\\\/2021\\\/12\\\/jvx009-compactnoir-2-800x800.jpg\",\"contentUrl\":\"https:\\\/\\\/www.jvd.fr\\\/wp-content\\\/uploads\\\/2021\\\/12\\\/jvx009-compactnoir-2-800x800.jpg\"},{\"@type\":\"BreadcrumbList\",\"@id\":\"https:\\\/\\\/www.hdc-nantes.com\\\/rd-equipements\\\/#breadcrumb\",\"itemListElement\":[{\"@type\":\"ListItem\",\"position\":1,\"name\":\"Accueil\",\"item\":\"https:\\\/\\\/www.hdc-nantes.com\\\/\"},{\"@type\":\"ListItem\",\"position\":2,\"name\":\"Les \u00e9quipements de votre chambre\"}]},{\"@type\":\"WebSite\",\"@id\":\"https:\\\/\\\/www.hdc-nantes.com\\\/#website\",\"url\":\"https:\\\/\\\/www.hdc-nantes.com\\\/\",\"name\":\"H\u00f4tel de la Cit\u00e9\",\"description\":\"H\u00f4tel au centre de Nantes\",\"publisher\":{\"@id\":\"https:\\\/\\\/www.hdc-nantes.com\\\/#organization\"},\"potentialAction\":[{\"@type\":\"SearchAction\",\"target\":{\"@type\":\"EntryPoint\",\"urlTemplate\":\"https:\\\/\\\/www.hdc-nantes.com\\\/?s={search_term_string}\"},\"query-input\":{\"@type\":\"PropertyValueSpecification\",\"valueRequired\":true,\"valueName\":\"search_term_string\"}}],\"inLanguage\":\"es\"},{\"@type\":\"Organization\",\"@id\":\"https:\\\/\\\/www.hdc-nantes.com\\\/#organization\",\"name\":\"H\u00f4tel de la Cit\u00e9\",\"url\":\"https:\\\/\\\/www.hdc-nantes.com\\\/\",\"logo\":{\"@type\":\"ImageObject\",\"inLanguage\":\"es\",\"@id\":\"https:\\\/\\\/www.hdc-nantes.com\\\/#\\\/schema\\\/logo\\\/image\\\/\",\"url\":\"https:\\\/\\\/www.hdc-nantes.com\\\/wp-content\\\/uploads\\\/2024\\\/01\\\/logo-hdc-horizontal.png\",\"contentUrl\":\"https:\\\/\\\/www.hdc-nantes.com\\\/wp-content\\\/uploads\\\/2024\\\/01\\\/logo-hdc-horizontal.png\",\"width\":247,\"height\":79,\"caption\":\"H\u00f4tel de la Cit\u00e9\"},\"image\":{\"@id\":\"https:\\\/\\\/www.hdc-nantes.com\\\/#\\\/schema\\\/logo\\\/image\\\/\"}}]}<\/script>\n<!-- \/ Yoast SEO plugin. -->","yoast_head_json":{"title":"Les \u00e9quipements de votre chambre - H\u00f4tel de la Cit\u00e9","robots":{"index":"index","follow":"follow","max-snippet":"max-snippet:-1","max-image-preview":"max-image-preview:large","max-video-preview":"max-video-preview:-1"},"canonical":"https:\/\/www.hdc-nantes.com\/es\/rd-equipements\/","og_locale":"es_ES","og_type":"article","og_title":"Les \u00e9quipements de votre chambre - H\u00f4tel de la Cit\u00e9","og_description":"Les \u00e9quipements de votre chambre Le purificateur d&rsquo;air Le coffre fort La t\u00e9l\u00e9vision connect\u00e9e Le purificateur d&rsquo;air Votre chambre est \u00e9quip\u00e9e d&rsquo;un purificateur d&rsquo;air professionnel Shield\u00ae qui vous prot\u00e8ge des nuisances pr\u00e9sentes dans l\u2019air \u00e0 la mani\u00e8re d\u2019un bouclier invisible. Les virus, polluants, odeurs et allerg\u00e8nes entrant dans sa zone d\u2019action sont imm\u00e9diatement neutralis\u00e9s puis [&hellip;]","og_url":"https:\/\/www.hdc-nantes.com\/es\/rd-equipements\/","og_site_name":"H\u00f4tel de la Cit\u00e9","article_modified_time":"2026-02-18T08:17:52+00:00","og_image":[{"url":"https:\/\/www.jvd.fr\/wp-content\/uploads\/2021\/12\/jvx009-compactnoir-2-800x800.jpg","type":"","width":"","height":""}],"twitter_card":"summary_large_image","twitter_misc":{"Tiempo de lectura":"2 minutos"},"schema":{"@context":"https:\/\/schema.org","@graph":[{"@type":"WebPage","@id":"https:\/\/www.hdc-nantes.com\/rd-equipements\/","url":"https:\/\/www.hdc-nantes.com\/rd-equipements\/","name":"Les \u00e9quipements de votre chambre - H\u00f4tel de la Cit\u00e9","isPartOf":{"@id":"https:\/\/www.hdc-nantes.com\/#website"},"primaryImageOfPage":{"@id":"https:\/\/www.hdc-nantes.com\/rd-equipements\/#primaryimage"},"image":{"@id":"https:\/\/www.hdc-nantes.com\/rd-equipements\/#primaryimage"},"thumbnailUrl":"https:\/\/www.jvd.fr\/wp-content\/uploads\/2021\/12\/jvx009-compactnoir-2-800x800.jpg","datePublished":"2024-04-11T13:55:29+00:00","dateModified":"2026-02-18T08:17:52+00:00","breadcrumb":{"@id":"https:\/\/www.hdc-nantes.com\/rd-equipements\/#breadcrumb"},"inLanguage":"es","potentialAction":[{"@type":"ReadAction","target":["https:\/\/www.hdc-nantes.com\/rd-equipements\/"]}]},{"@type":"ImageObject","inLanguage":"es","@id":"https:\/\/www.hdc-nantes.com\/rd-equipements\/#primaryimage","url":"https:\/\/www.jvd.fr\/wp-content\/uploads\/2021\/12\/jvx009-compactnoir-2-800x800.jpg","contentUrl":"https:\/\/www.jvd.fr\/wp-content\/uploads\/2021\/12\/jvx009-compactnoir-2-800x800.jpg"},{"@type":"BreadcrumbList","@id":"https:\/\/www.hdc-nantes.com\/rd-equipements\/#breadcrumb","itemListElement":[{"@type":"ListItem","position":1,"name":"Accueil","item":"https:\/\/www.hdc-nantes.com\/"},{"@type":"ListItem","position":2,"name":"Les \u00e9quipements de votre chambre"}]},{"@type":"WebSite","@id":"https:\/\/www.hdc-nantes.com\/#website","url":"https:\/\/www.hdc-nantes.com\/","name":"H\u00f4tel de la Cit\u00e9","description":"H\u00f4tel au centre de Nantes","publisher":{"@id":"https:\/\/www.hdc-nantes.com\/#organization"},"potentialAction":[{"@type":"SearchAction","target":{"@type":"EntryPoint","urlTemplate":"https:\/\/www.hdc-nantes.com\/?s={search_term_string}"},"query-input":{"@type":"PropertyValueSpecification","valueRequired":true,"valueName":"search_term_string"}}],"inLanguage":"es"},{"@type":"Organization","@id":"https:\/\/www.hdc-nantes.com\/#organization","name":"H\u00f4tel de la Cit\u00e9","url":"https:\/\/www.hdc-nantes.com\/","logo":{"@type":"ImageObject","inLanguage":"es","@id":"https:\/\/www.hdc-nantes.com\/#\/schema\/logo\/image\/","url":"https:\/\/www.hdc-nantes.com\/wp-content\/uploads\/2024\/01\/logo-hdc-horizontal.png","contentUrl":"https:\/\/www.hdc-nantes.com\/wp-content\/uploads\/2024\/01\/logo-hdc-horizontal.png","width":247,"height":79,"caption":"H\u00f4tel de la Cit\u00e9"},"image":{"@id":"https:\/\/www.hdc-nantes.com\/#\/schema\/logo\/image\/"}}]}},"_links":{"self":[{"href":"https:\/\/www.hdc-nantes.com\/es\/wp-json\/wp\/v2\/pages\/2750","targetHints":{"allow":["GET"]}}],"collection":[{"href":"https:\/\/www.hdc-nantes.com\/es\/wp-json\/wp\/v2\/pages"}],"about":[{"href":"https:\/\/www.hdc-nantes.com\/es\/wp-json\/wp\/v2\/types\/page"}],"author":[{"embeddable":true,"href":"https:\/\/www.hdc-nantes.com\/es\/wp-json\/wp\/v2\/users\/7"}],"replies":[{"embeddable":true,"href":"https:\/\/www.hdc-nantes.com\/es\/wp-json\/wp\/v2\/comments?post=2750"}],"version-history":[{"count":16,"href":"https:\/\/www.hdc-nantes.com\/es\/wp-json\/wp\/v2\/pages\/2750\/revisions"}],"predecessor-version":[{"id":2799,"href":"https:\/\/www.hdc-nantes.com\/es\/wp-json\/wp\/v2\/pages\/2750\/revisions\/2799"}],"wp:attachment":[{"href":"https:\/\/www.hdc-nantes.com\/es\/wp-json\/wp\/v2\/media?parent=2750"}],"wp:term":[{"taxonomy":"pages-categories","embeddable":true,"href":"https:\/\/www.hdc-nantes.com\/es\/wp-json\/wp\/v2\/pages-categories?post=2750"},{"taxonomy":"pages-tags","embeddable":true,"href":"https:\/\/www.hdc-nantes.com\/es\/wp-json\/wp\/v2\/pages-tags?post=2750"}],"curies":[{"name":"wp","href":"https:\/\/api.w.org\/{rel}","templated":true}]}}