{"id":2745,"date":"2024-04-11T15:53:31","date_gmt":"2024-04-11T13:53:31","guid":{"rendered":"https:\/\/anolisa.oniti.pro\/?page_id=2745"},"modified":"2026-02-18T09:18:04","modified_gmt":"2026-02-18T08:18:04","slug":"carte-bar","status":"publish","type":"page","link":"https:\/\/www.hdc-nantes.com\/en\/carte-bar\/","title":{"rendered":"La carte du bar"},"content":{"rendered":"<div data-elementor-type=\"wp-page\" data-elementor-id=\"2745\" class=\"elementor elementor-2745\" data-elementor-post-type=\"page\">\n\t\t\t\t<div class=\"elementor-element elementor-element-4e2cd4e e-flex e-con-boxed e-con e-parent\" data-id=\"4e2cd4e\" data-element_type=\"container\" data-e-type=\"container\">\n\t\t\t\t\t<div class=\"e-con-inner\">\n\t\t<div class=\"elementor-element elementor-element-534b4d6 e-con-full e-flex e-con e-child\" data-id=\"534b4d6\" data-element_type=\"container\" data-e-type=\"container\">\n\t\t\t\t<div class=\"elementor-element elementor-element-6944a8e elementor-widget elementor-widget-heading\" data-id=\"6944a8e\" data-element_type=\"widget\" data-e-type=\"widget\" data-widget_type=\"heading.default\">\n\t\t\t\t<div class=\"elementor-widget-container\">\n\t\t\t\t\t<h1 class=\"elementor-heading-title elementor-size-default\">La carte du bar<\/h1>\t\t\t\t<\/div>\n\t\t\t\t<\/div>\n\t\t\t\t<div class=\"elementor-element elementor-element-3a1e864 elementor-tabs-view-horizontal elementor-widget elementor-widget-tabs\" data-id=\"3a1e864\" data-element_type=\"widget\" data-e-type=\"widget\" data-widget_type=\"tabs.default\">\n\t\t\t\t<div class=\"elementor-widget-container\">\n\t\t\t\t\t\t\t<div class=\"elementor-tabs\">\n\t\t\t<div class=\"elementor-tabs-wrapper\" role=\"tablist\" >\n\t\t\t\t\t\t\t\t\t<div id=\"elementor-tab-title-6091\" class=\"elementor-tab-title elementor-tab-desktop-title\" aria-selected=\"true\" data-tab=\"1\" role=\"tab\" tabindex=\"0\" aria-controls=\"elementor-tab-content-6091\" aria-expanded=\"false\">Boissons sans alcool<\/div>\n\t\t\t\t\t\t\t\t\t<div id=\"elementor-tab-title-6092\" class=\"elementor-tab-title elementor-tab-desktop-title\" aria-selected=\"false\" data-tab=\"2\" role=\"tab\" tabindex=\"-1\" aria-controls=\"elementor-tab-content-6092\" aria-expanded=\"false\">Bi\u00e8res du Bouffay \u00e0 la pression<\/div>\n\t\t\t\t\t\t\t\t\t<div id=\"elementor-tab-title-6093\" class=\"elementor-tab-title elementor-tab-desktop-title\" aria-selected=\"false\" data-tab=\"3\" role=\"tab\" tabindex=\"-1\" aria-controls=\"elementor-tab-content-6093\" aria-expanded=\"false\">Bi\u00e8res du Bouffay en bouteille<\/div>\n\t\t\t\t\t\t\t\t\t<div id=\"elementor-tab-title-6094\" class=\"elementor-tab-title elementor-tab-desktop-title\" aria-selected=\"false\" data-tab=\"4\" role=\"tab\" tabindex=\"-1\" aria-controls=\"elementor-tab-content-6094\" aria-expanded=\"false\">Vins & Spiritueux<\/div>\n\t\t\t\t\t\t\t<\/div>\n\t\t\t<div class=\"elementor-tabs-content-wrapper\" role=\"tablist\" aria-orientation=\"vertical\">\n\t\t\t\t\t\t\t\t\t<div class=\"elementor-tab-title elementor-tab-mobile-title\" aria-selected=\"true\" data-tab=\"1\" role=\"tab\" tabindex=\"0\" aria-controls=\"elementor-tab-content-6091\" aria-expanded=\"false\">Boissons sans alcool<\/div>\n\t\t\t\t\t<div id=\"elementor-tab-content-6091\" class=\"elementor-tab-content elementor-clearfix\" data-tab=\"1\" role=\"tabpanel\" aria-labelledby=\"elementor-tab-title-6091\" tabindex=\"0\" hidden=\"false\"><table width=\"256\"><tbody><tr><td width=\"176\">Caf\u00e9 (5cl)<\/td><td width=\"80\">1.60 \u20ac<\/td><\/tr><tr><td>Caf\u00e9 allong\u00e9 (15cl)<\/td><td>2.10 \u20ac<\/td><\/tr><tr><td>Caf\u00e9 au lait (30cl)<\/td><td>2.60 \u20ac<\/td><\/tr><tr><td>Th\u00e9 (30cl)<\/td><td>2.60 \u20ac<\/td><\/tr><tr><td>Sirop \u00e0 l\u2019eau (33cl)<\/td><td>3.00 \u20ac<\/td><\/tr><tr><td>Diabolo (33cl)<\/td><td>3.00 \u20ac<\/td><\/tr><tr><td>Jus de pomme (33cl)<\/td><td>3.00 \u20ac<\/td><\/tr><tr><td>Th\u00e9 glac\u00e9 (33cl)<\/td><td>3.00 \u20ac<\/td><\/tr><tr><td>Boisson exotique (33cl)<\/td><td>3.00 \u20ac<\/td><\/tr><tr><td>Limonade (33cl)<\/td><td>3.00 \u20ac<\/td><\/tr><tr><td>Cola (33cl)<\/td><td>3.00 \u20ac<\/td><\/tr><tr><td>Ginger beer (33cl)<\/td><td>3.00 \u20ac<\/td><\/tr><tr><td>Tonic (33cl)<\/td><td>3.00 \u20ac<\/td><\/tr><tr><td>Agrum\u2019 (33cl)<\/td><td>3.00 \u20ac<\/td><\/tr><tr><td>Jus de fruits bio (25cl)<\/td><td>4.00 \u20ac<\/td><\/tr><\/tbody><\/table><\/div>\n\t\t\t\t\t\t\t\t\t<div class=\"elementor-tab-title elementor-tab-mobile-title\" aria-selected=\"false\" data-tab=\"2\" role=\"tab\" tabindex=\"-1\" aria-controls=\"elementor-tab-content-6092\" aria-expanded=\"false\">Bi\u00e8res du Bouffay \u00e0 la pression<\/div>\n\t\t\t\t\t<div id=\"elementor-tab-content-6092\" class=\"elementor-tab-content elementor-clearfix\" data-tab=\"2\" role=\"tabpanel\" aria-labelledby=\"elementor-tab-title-6092\" tabindex=\"0\" hidden=\"hidden\"><table width=\"256\"><tbody><tr><td width=\"176\">Moustache blonde (25cl)<\/td><td width=\"80\">3.00 \u20ac<\/td><\/tr><tr><td>Moustache blonde (50cl)<\/td><td>5.50 \u20ac<\/td><\/tr><tr><td>Titan IPA (25cl)<\/td><td>4.00 \u20ac<\/td><\/tr><tr><td>Titan IPA (50cl)<\/td><td>7.00 \u20ac<\/td><\/tr><tr><td>Panach\u00e9\/Monaco (25cl)<\/td><td>3.00 \u20ac<\/td><\/tr><tr><td>Panach\u00e9\/Monaco (50cl)<\/td><td>5.50 \u20ac<\/td><\/tr><tr><td>Suppl\u00e9ment Picon (2cl)<\/td><td>1.00 \u20ac<\/td><\/tr><tr><td>Cidre doux (33cl)<\/td><td>5.00 \u20ac<\/td><\/tr><tr><td>Cidre brut (33cl)<\/td><td>5.00 \u20ac<\/td><\/tr><\/tbody><\/table><\/div>\n\t\t\t\t\t\t\t\t\t<div class=\"elementor-tab-title elementor-tab-mobile-title\" aria-selected=\"false\" data-tab=\"3\" role=\"tab\" tabindex=\"-1\" aria-controls=\"elementor-tab-content-6093\" aria-expanded=\"false\">Bi\u00e8res du Bouffay en bouteille<\/div>\n\t\t\t\t\t<div id=\"elementor-tab-content-6093\" class=\"elementor-tab-content elementor-clearfix\" data-tab=\"3\" role=\"tabpanel\" aria-labelledby=\"elementor-tab-title-6093\" tabindex=\"0\" hidden=\"hidden\"><table width=\"256\"><tbody><tr><td width=\"176\">Orge Bio (33cl)<\/td><td width=\"80\">5.00 \u20ac<\/td><\/tr><tr><td>Ambr\u00e9e (33cl)<\/td><td>5.00 \u20ac<\/td><\/tr><tr><td>Triple (33cl)<\/td><td>5.00 \u20ac<\/td><\/tr><tr><td>Brune (33cl)<\/td><td>5.00 \u20ac<\/td><\/tr><tr><td>Blanche (33cl)<\/td><td>5.00 \u20ac<\/td><\/tr><\/tbody><\/table><\/div>\n\t\t\t\t\t\t\t\t\t<div class=\"elementor-tab-title elementor-tab-mobile-title\" aria-selected=\"false\" data-tab=\"4\" role=\"tab\" tabindex=\"-1\" aria-controls=\"elementor-tab-content-6094\" aria-expanded=\"false\">Vins & Spiritueux<\/div>\n\t\t\t\t\t<div id=\"elementor-tab-content-6094\" class=\"elementor-tab-content elementor-clearfix\" data-tab=\"4\" role=\"tabpanel\" aria-labelledby=\"elementor-tab-title-6094\" tabindex=\"0\" hidden=\"hidden\"><table width=\"291\"><tbody><tr><td width=\"211\">Muscadet (12.5cl \/ 75cl)<\/td><td width=\"80\">5.00\u20ac \/ 19.00\u20ac<\/td><\/tr><tr><td>Malvoisie (12.5cl \/ 75cl)<\/td><td>5.00\u20ac \/ 19.00\u20ac<\/td><\/tr><tr><td>Pouilly fum\u00e9 (12.5cl \/ 75cl)<\/td><td>7.00\u20ac \/ 29.00\u20ac<\/td><\/tr><tr><td>Chablis 1er Cru (12.5cl \/ 75cl)<\/td><td>9.50\u20ac \/ 42.00\u20ac<\/td><\/tr><tr><td>Condrieu (75cl)<\/td><td>56.00 \u20ac<\/td><\/tr><tr><td>Ctx d\u2019Ancenis Ros\u00e9 (12.5cl \/ 75cl)<\/td><td>4.00\u20ac \/ 16.00\u20ac<\/td><\/tr><tr><td>C\u00f4tes de Pce Ros\u00e9 (12.5cl \/ 75cl)<\/td><td>8.00\u20ac \/ 32.00\u20ac<\/td><\/tr><tr><td>Anjou Rouge (12.5cl \/ 75cl)<\/td><td>5.00\u20ac \/ 19.00\u20ac<\/td><\/tr><tr><td>Mercurey (12.5cl \/ 75cl)<\/td><td>7.50\u20ac \/ 32.00\u20ac<\/td><\/tr><tr><td>Ch\u00e2teauneuf du Pape (75cl)<\/td><td>51.00 \u20ac<\/td><\/tr><tr><td>Cr\u00e9mant de Loire (75cl)<\/td><td>25.00 \u20ac<\/td><\/tr><tr><td>Champagne Veuve Clicquot (75cl)<\/td><td>85.00 \u20ac<\/td><\/tr><\/tbody><\/table><\/div>\n\t\t\t\t\t\t\t<\/div>\n\t\t<\/div>\n\t\t\t\t\t\t<\/div>\n\t\t\t\t<\/div>\n\t\t\t\t<\/div>\n\t\t\t\t\t<\/div>\n\t\t\t\t<\/div>\n\t\t\t\t<\/div>","protected":false},"excerpt":{"rendered":"<p>La carte du bar Boissons sans alcool Bi\u00e8res du Bouffay \u00e0 la pression Bi\u00e8res du Bouffay en bouteille Vins &#038; Spiritueux Boissons sans alcool Caf\u00e9 (5cl) 1.60 \u20ac Caf\u00e9 allong\u00e9 (15cl) 2.10 \u20ac Caf\u00e9 au lait (30cl) 2.60 \u20ac Th\u00e9 (30cl) 2.60 \u20ac Sirop \u00e0 l\u2019eau (33cl) 3.00 \u20ac Diabolo (33cl) 3.00 \u20ac Jus de [&hellip;]<\/p>\n","protected":false},"author":7,"featured_media":0,"parent":0,"menu_order":12,"comment_status":"closed","ping_status":"closed","template":"","meta":{"footnotes":""},"pages-categories":[18],"pages-tags":[],"class_list":["post-2745","page","type-page","status-publish","hentry","pages-categories-cite"],"yoast_head":"<!-- This site is optimized with the Yoast SEO plugin v27.3 - https:\/\/yoast.com\/product\/yoast-seo-wordpress\/ -->\n<title>La carte du bar - H\u00f4tel de la Cit\u00e9<\/title>\n<meta name=\"robots\" content=\"index, follow, max-snippet:-1, max-image-preview:large, max-video-preview:-1\" \/>\n<link rel=\"canonical\" href=\"https:\/\/www.hdc-nantes.com\/en\/carte-bar\/\" \/>\n<meta property=\"og:locale\" content=\"en_GB\" \/>\n<meta property=\"og:type\" content=\"article\" \/>\n<meta property=\"og:title\" content=\"La carte du bar - H\u00f4tel de la Cit\u00e9\" \/>\n<meta property=\"og:description\" content=\"La carte du bar Boissons sans alcool Bi\u00e8res du Bouffay \u00e0 la pression Bi\u00e8res du Bouffay en bouteille Vins &#038; Spiritueux Boissons sans alcool Caf\u00e9 (5cl) 1.60 \u20ac Caf\u00e9 allong\u00e9 (15cl) 2.10 \u20ac Caf\u00e9 au lait (30cl) 2.60 \u20ac Th\u00e9 (30cl) 2.60 \u20ac Sirop \u00e0 l\u2019eau (33cl) 3.00 \u20ac Diabolo (33cl) 3.00 \u20ac Jus de [&hellip;]\" \/>\n<meta property=\"og:url\" content=\"https:\/\/www.hdc-nantes.com\/en\/carte-bar\/\" \/>\n<meta property=\"og:site_name\" content=\"H\u00f4tel de la Cit\u00e9\" \/>\n<meta property=\"article:modified_time\" content=\"2026-02-18T08:18:04+00:00\" \/>\n<meta name=\"twitter:card\" content=\"summary_large_image\" \/>\n<meta name=\"twitter:label1\" content=\"Estimated reading time\" \/>\n\t<meta name=\"twitter:data1\" content=\"2 minutes\" \/>\n<script type=\"application\/ld+json\" class=\"yoast-schema-graph\">{\"@context\":\"https:\\\/\\\/schema.org\",\"@graph\":[{\"@type\":\"WebPage\",\"@id\":\"https:\\\/\\\/www.hdc-nantes.com\\\/carte-bar\\\/\",\"url\":\"https:\\\/\\\/www.hdc-nantes.com\\\/carte-bar\\\/\",\"name\":\"La carte du bar - H\u00f4tel de la Cit\u00e9\",\"isPartOf\":{\"@id\":\"https:\\\/\\\/www.hdc-nantes.com\\\/#website\"},\"datePublished\":\"2024-04-11T13:53:31+00:00\",\"dateModified\":\"2026-02-18T08:18:04+00:00\",\"breadcrumb\":{\"@id\":\"https:\\\/\\\/www.hdc-nantes.com\\\/carte-bar\\\/#breadcrumb\"},\"inLanguage\":\"en-GB\",\"potentialAction\":[{\"@type\":\"ReadAction\",\"target\":[\"https:\\\/\\\/www.hdc-nantes.com\\\/carte-bar\\\/\"]}]},{\"@type\":\"BreadcrumbList\",\"@id\":\"https:\\\/\\\/www.hdc-nantes.com\\\/carte-bar\\\/#breadcrumb\",\"itemListElement\":[{\"@type\":\"ListItem\",\"position\":1,\"name\":\"Accueil\",\"item\":\"https:\\\/\\\/www.hdc-nantes.com\\\/\"},{\"@type\":\"ListItem\",\"position\":2,\"name\":\"La carte du bar\"}]},{\"@type\":\"WebSite\",\"@id\":\"https:\\\/\\\/www.hdc-nantes.com\\\/#website\",\"url\":\"https:\\\/\\\/www.hdc-nantes.com\\\/\",\"name\":\"H\u00f4tel de la Cit\u00e9\",\"description\":\"H\u00f4tel au centre de Nantes\",\"publisher\":{\"@id\":\"https:\\\/\\\/www.hdc-nantes.com\\\/#organization\"},\"potentialAction\":[{\"@type\":\"SearchAction\",\"target\":{\"@type\":\"EntryPoint\",\"urlTemplate\":\"https:\\\/\\\/www.hdc-nantes.com\\\/?s={search_term_string}\"},\"query-input\":{\"@type\":\"PropertyValueSpecification\",\"valueRequired\":true,\"valueName\":\"search_term_string\"}}],\"inLanguage\":\"en-GB\"},{\"@type\":\"Organization\",\"@id\":\"https:\\\/\\\/www.hdc-nantes.com\\\/#organization\",\"name\":\"H\u00f4tel de la Cit\u00e9\",\"url\":\"https:\\\/\\\/www.hdc-nantes.com\\\/\",\"logo\":{\"@type\":\"ImageObject\",\"inLanguage\":\"en-GB\",\"@id\":\"https:\\\/\\\/www.hdc-nantes.com\\\/#\\\/schema\\\/logo\\\/image\\\/\",\"url\":\"https:\\\/\\\/www.hdc-nantes.com\\\/wp-content\\\/uploads\\\/2024\\\/01\\\/logo-hdc-horizontal.png\",\"contentUrl\":\"https:\\\/\\\/www.hdc-nantes.com\\\/wp-content\\\/uploads\\\/2024\\\/01\\\/logo-hdc-horizontal.png\",\"width\":247,\"height\":79,\"caption\":\"H\u00f4tel de la Cit\u00e9\"},\"image\":{\"@id\":\"https:\\\/\\\/www.hdc-nantes.com\\\/#\\\/schema\\\/logo\\\/image\\\/\"}}]}<\/script>\n<!-- \/ Yoast SEO plugin. -->","yoast_head_json":{"title":"La carte du bar - H\u00f4tel de la Cit\u00e9","robots":{"index":"index","follow":"follow","max-snippet":"max-snippet:-1","max-image-preview":"max-image-preview:large","max-video-preview":"max-video-preview:-1"},"canonical":"https:\/\/www.hdc-nantes.com\/en\/carte-bar\/","og_locale":"en_GB","og_type":"article","og_title":"La carte du bar - H\u00f4tel de la Cit\u00e9","og_description":"La carte du bar Boissons sans alcool Bi\u00e8res du Bouffay \u00e0 la pression Bi\u00e8res du Bouffay en bouteille Vins &#038; Spiritueux Boissons sans alcool Caf\u00e9 (5cl) 1.60 \u20ac Caf\u00e9 allong\u00e9 (15cl) 2.10 \u20ac Caf\u00e9 au lait (30cl) 2.60 \u20ac Th\u00e9 (30cl) 2.60 \u20ac Sirop \u00e0 l\u2019eau (33cl) 3.00 \u20ac Diabolo (33cl) 3.00 \u20ac Jus de [&hellip;]","og_url":"https:\/\/www.hdc-nantes.com\/en\/carte-bar\/","og_site_name":"H\u00f4tel de la Cit\u00e9","article_modified_time":"2026-02-18T08:18:04+00:00","twitter_card":"summary_large_image","twitter_misc":{"Estimated reading time":"2 minutes"},"schema":{"@context":"https:\/\/schema.org","@graph":[{"@type":"WebPage","@id":"https:\/\/www.hdc-nantes.com\/carte-bar\/","url":"https:\/\/www.hdc-nantes.com\/carte-bar\/","name":"La carte du bar - H\u00f4tel de la Cit\u00e9","isPartOf":{"@id":"https:\/\/www.hdc-nantes.com\/#website"},"datePublished":"2024-04-11T13:53:31+00:00","dateModified":"2026-02-18T08:18:04+00:00","breadcrumb":{"@id":"https:\/\/www.hdc-nantes.com\/carte-bar\/#breadcrumb"},"inLanguage":"en-GB","potentialAction":[{"@type":"ReadAction","target":["https:\/\/www.hdc-nantes.com\/carte-bar\/"]}]},{"@type":"BreadcrumbList","@id":"https:\/\/www.hdc-nantes.com\/carte-bar\/#breadcrumb","itemListElement":[{"@type":"ListItem","position":1,"name":"Accueil","item":"https:\/\/www.hdc-nantes.com\/"},{"@type":"ListItem","position":2,"name":"La carte du bar"}]},{"@type":"WebSite","@id":"https:\/\/www.hdc-nantes.com\/#website","url":"https:\/\/www.hdc-nantes.com\/","name":"H\u00f4tel de la Cit\u00e9","description":"H\u00f4tel au centre de Nantes","publisher":{"@id":"https:\/\/www.hdc-nantes.com\/#organization"},"potentialAction":[{"@type":"SearchAction","target":{"@type":"EntryPoint","urlTemplate":"https:\/\/www.hdc-nantes.com\/?s={search_term_string}"},"query-input":{"@type":"PropertyValueSpecification","valueRequired":true,"valueName":"search_term_string"}}],"inLanguage":"en-GB"},{"@type":"Organization","@id":"https:\/\/www.hdc-nantes.com\/#organization","name":"H\u00f4tel de la Cit\u00e9","url":"https:\/\/www.hdc-nantes.com\/","logo":{"@type":"ImageObject","inLanguage":"en-GB","@id":"https:\/\/www.hdc-nantes.com\/#\/schema\/logo\/image\/","url":"https:\/\/www.hdc-nantes.com\/wp-content\/uploads\/2024\/01\/logo-hdc-horizontal.png","contentUrl":"https:\/\/www.hdc-nantes.com\/wp-content\/uploads\/2024\/01\/logo-hdc-horizontal.png","width":247,"height":79,"caption":"H\u00f4tel de la Cit\u00e9"},"image":{"@id":"https:\/\/www.hdc-nantes.com\/#\/schema\/logo\/image\/"}}]}},"_links":{"self":[{"href":"https:\/\/www.hdc-nantes.com\/en\/wp-json\/wp\/v2\/pages\/2745","targetHints":{"allow":["GET"]}}],"collection":[{"href":"https:\/\/www.hdc-nantes.com\/en\/wp-json\/wp\/v2\/pages"}],"about":[{"href":"https:\/\/www.hdc-nantes.com\/en\/wp-json\/wp\/v2\/types\/page"}],"author":[{"embeddable":true,"href":"https:\/\/www.hdc-nantes.com\/en\/wp-json\/wp\/v2\/users\/7"}],"replies":[{"embeddable":true,"href":"https:\/\/www.hdc-nantes.com\/en\/wp-json\/wp\/v2\/comments?post=2745"}],"version-history":[{"count":7,"href":"https:\/\/www.hdc-nantes.com\/en\/wp-json\/wp\/v2\/pages\/2745\/revisions"}],"predecessor-version":[{"id":2805,"href":"https:\/\/www.hdc-nantes.com\/en\/wp-json\/wp\/v2\/pages\/2745\/revisions\/2805"}],"wp:attachment":[{"href":"https:\/\/www.hdc-nantes.com\/en\/wp-json\/wp\/v2\/media?parent=2745"}],"wp:term":[{"taxonomy":"pages-categories","embeddable":true,"href":"https:\/\/www.hdc-nantes.com\/en\/wp-json\/wp\/v2\/pages-categories?post=2745"},{"taxonomy":"pages-tags","embeddable":true,"href":"https:\/\/www.hdc-nantes.com\/en\/wp-json\/wp\/v2\/pages-tags?post=2745"}],"curies":[{"name":"wp","href":"https:\/\/api.w.org\/{rel}","templated":true}]}}